{"id":378,"date":"2021-02-10T21:59:53","date_gmt":"2021-02-10T20:59:53","guid":{"rendered":"https:\/\/bg.ostnet.pl\/?page_id=378"},"modified":"2021-02-13T15:12:15","modified_gmt":"2021-02-13T14:12:15","slug":"sakramenty","status":"publish","type":"page","link":"https:\/\/bg.ostnet.pl\/index.php\/sakramenty\/","title":{"rendered":"Sakramenty"},"content":{"rendered":"\n<p><strong>CHRZEST<\/strong>:<br>Chrzest jest pierwszym sakramentem, kt\u00f3ry wprowadza nas do wsp\u00f3lnoty Ko\u015bcio\u0142a. Jego celebracja odbywa si\u0119 w drug\u0105 niedziele miesi\u0105ca oraz w Wielk\u0105 Sobot\u0119, Poniedzia\u0142ek Wielkanocny i w \u015bwi\u0119to \u015awi\u0119tego Szczepana na Mszy \u015bw. o godz. 11:00: Dziecko do chrztu zg\u0142aszaj\u0105 zawsze Rodzice. Potrzebne dokumenty:<\/p>\n\n\n\n<ul class=\"wp-block-list\"><li>akt urodzenia dziecka (odpis),<\/li><li>dane o rodzicach chrzestnych (imiona, nazwiska, adresy),<\/li><li>za\u015bwiadczenia z parafii zamieszkania rodzic\u00f3w chrzestnych o praktykowaniu wiary.<\/li><\/ul>\n\n\n\n<p><strong>BIERZMOWANIE<\/strong>:<br>Sakrament bierzmowania udzielany jest w VIII klasie Szko\u0142y Podstawowej. Przygotowanie rozpoczyna si\u0119 ju\u017c w VII klasie. Przygotowuj\u0105cy uczestnicz\u0105 w specjalnych katechezach, celebracjach, jak r\u00f3wnie\u017c praktykuj\u0105 spowied\u017a comiesi\u0119czn\u0105 oraz pierwsze soboty miesi\u0105ca. Pragn\u0105cy przyj\u0105\u0107 ten sakrament powinni zg\u0142osi\u0107 si\u0119 do kancelarii parafialnej z kompletnym indeksem kandydata do bierzmowania! Ponadto musz\u0105 konieczne dostarczy\u0107 \u015bwiadectwo chrztu, kt\u00f3rego bierzmowanie jest dope\u0142nieniem. Uczniowie klasy VIII (2020\/2021), rozpocz\u0119li swoje przygotowanie do sakramentu bierzmowania w 2020 r. Mimo pandemii kandydaci zobowi\u0105zani s\u0105 do praktyki Mszy \u015bwi\u0119tej niedzielnej albo stacjonarnie b\u0105d\u017a o-line. Natomiast ka\u017cde spotkanie do bierzmowania poprzedzone jest Msz\u0105 \u015bwi\u0119t\u0105, w kt\u00f3rej kandydaci powinni obowi\u0105zkowo uczestniczy\u0107. Za przygotowanie do sakramentu z ramienia parafii odpowiedzialny jest ks. Piotr Sala. W ka\u017cdej chwili sakrament ten mog\u0105 przyj\u0105\u0107 osoby doros\u0142e. Szczeg\u00f3\u0142owe informacje przekazywane s\u0105 w kancelarii parafialnej.<\/p>\n\n\n\n<p><br><strong>PIERWSZA KOMUNIA \u015aWI\u0118TA<\/strong>:<br>Przygotowanie do Pierwszej Komunii i Spowiedzi odbywa si\u0119 w naszej parafii w III klasie Szko\u0142y Podstawowej. Odpowiedzialny jest ks. Krzysztof Czaja. Z wymaganych dokument\u00f3w konieczna jest metryka chrztu dziecka.<\/p>\n\n\n\n<p><strong>SPOWIED\u0179 \u015aWI\u0118TA<\/strong>:<br>Spowied\u017a p\u00f3\u0142 godziny przed Msz\u0105 \u015bwi\u0119t\u0105. W pierwszy pi\u0105tek miesi\u0105ca od godziny 15:00. W lipcu i sierpniu od godz. 16:00.<\/p>\n\n\n\n<p><br><strong>SAKRAMENT MA\u0141\u017bE\u0143STWA<\/strong>:<\/p>\n\n\n\n<p>Formalno\u015bci przedma\u0142\u017ce\u0144skie za\u0142atwiane s\u0105 trzy miesi\u0105ce przed zamierzonym \u015blubem. Dogodny termin spotkania ustalamy z ks. Proboszczem po wcze\u015bniejszym um\u00f3wieniu si\u0119 \u2013 tel. 663774450. Nale\u017cy ze sob\u0105 zabra\u0107:<\/p>\n\n\n\n<ul class=\"wp-block-list\"><li>metryki chrztu z dat\u0105 do 3 miesi\u0119cy od wystawienia,<\/li><li>dowody osobiste,<\/li><li>ostatnie \u015bwiadectwo katechizacji,<\/li><li>\u015bwiadectwo bierzmowania,<\/li><li>za\u015bwiadczenie o uczestnictwie w katechezie przedma\u0142\u017ce\u0144skiej<\/li><\/ul>\n\n\n\n<p><strong>SAKRAMENT CHORYCH<\/strong>:<br>Kap\u0142ani w ka\u017cdy pierwszy pi\u0105tek i sobot\u0119 miesi\u0105ca udaj\u0105 si\u0119 z pos\u0142ug\u0105 do chorych, r\u00f3wnie\u017c przed \u015awi\u0119tami Bo\u017cego Narodzenia oraz Uroczysto\u015bci\u0105 Wielkanocn\u0105. W czasie pandemii pos\u0142uga zg\u0142aszana jest indywidulanie, telefonicznie na pro\u015bb\u0119 chorego b\u0105d\u017a rodziny. Wezwanie do chorego w ka\u017cdej chwili.<\/p>\n","protected":false},"excerpt":{"rendered":"<p>CHRZEST:Chrzest jest pierwszym sakramentem, kt\u00f3ry wprowadza nas do wsp\u00f3lnoty Ko\u015bcio\u0142a. Jego celebracja odbywa si\u0119 w drug\u0105 niedziele miesi\u0105ca oraz w Wielk\u0105 Sobot\u0119, Poniedzia\u0142ek Wielkanocny i&hellip; <\/p>\n","protected":false},"author":1,"featured_media":0,"parent":0,"menu_order":0,"comment_status":"closed","ping_status":"closed","template":"","meta":{"footnotes":""},"class_list":["post-378","page","type-page","status-publish","hentry"],"_links":{"self":[{"href":"https:\/\/bg.ostnet.pl\/index.php\/wp-json\/wp\/v2\/pages\/378","targetHints":{"allow":["GET"]}}],"collection":[{"href":"https:\/\/bg.ostnet.pl\/index.php\/wp-json\/wp\/v2\/pages"}],"about":[{"href":"https:\/\/bg.ostnet.pl\/index.php\/wp-json\/wp\/v2\/types\/page"}],"author":[{"embeddable":true,"href":"https:\/\/bg.ostnet.pl\/index.php\/wp-json\/wp\/v2\/users\/1"}],"replies":[{"embeddable":true,"href":"https:\/\/bg.ostnet.pl\/index.php\/wp-json\/wp\/v2\/comments?post=378"}],"version-history":[{"count":3,"href":"https:\/\/bg.ostnet.pl\/index.php\/wp-json\/wp\/v2\/pages\/378\/revisions"}],"predecessor-version":[{"id":404,"href":"https:\/\/bg.ostnet.pl\/index.php\/wp-json\/wp\/v2\/pages\/378\/revisions\/404"}],"wp:attachment":[{"href":"https:\/\/bg.ostnet.pl\/index.php\/wp-json\/wp\/v2\/media?parent=378"}],"curies":[{"name":"wp","href":"https:\/\/api.w.org\/{rel}","templated":true}]}}