{"id":21,"date":"2021-01-07T18:29:46","date_gmt":"2021-01-07T17:29:46","guid":{"rendered":"https:\/\/bg.ostnet.pl\/?page_id=21"},"modified":"2021-01-07T18:29:46","modified_gmt":"2021-01-07T17:29:46","slug":"msze-i-nabozenstwa","status":"publish","type":"page","link":"https:\/\/bg.ostnet.pl\/index.php\/msze-i-nabozenstwa\/","title":{"rendered":"Msze i nabo\u017ce\u0144stwa"},"content":{"rendered":"\n<p>Niedziele i \u015awi\u0119ta<\/p>\n\n\n\n<p>18<sup>00\u00a0<\/sup>(sobota), 6<sup>30<\/sup>, 8<sup>00<\/sup>, 9<sup>30<\/sup>, 11<sup>00<\/sup>, 19<sup>00<\/sup><\/p>\n\n\n\n<p>\u015awi\u0119ta nieobowi\u0105zkowe<\/p>\n\n\n\n<p>6<sup>30<\/sup>, 9<sup>00<\/sup>, 16<sup>00<\/sup>, 18<sup>00<\/sup><\/p>\n\n\n\n<p>Dni powszednie<\/p>\n\n\n\n<p>6<sup>30<\/sup>, 18<sup>00<\/sup>\u00a0(IX-VI), 19<sup>00<\/sup>\u00a0(VII i VIII)<\/p>\n","protected":false},"excerpt":{"rendered":"<p>Niedziele i \u015awi\u0119ta 1800\u00a0(sobota), 630, 800, 930, 1100, 1900 \u015awi\u0119ta nieobowi\u0105zkowe 630, 900, 1600, 1800 Dni powszednie 630, 1800\u00a0(IX-VI), 1900\u00a0(VII i VIII)<\/p>\n","protected":false},"author":1,"featured_media":0,"parent":0,"menu_order":0,"comment_status":"closed","ping_status":"closed","template":"","meta":{"footnotes":""},"class_list":["post-21","page","type-page","status-publish","hentry"],"_links":{"self":[{"href":"https:\/\/bg.ostnet.pl\/index.php\/wp-json\/wp\/v2\/pages\/21","targetHints":{"allow":["GET"]}}],"collection":[{"href":"https:\/\/bg.ostnet.pl\/index.php\/wp-json\/wp\/v2\/pages"}],"about":[{"href":"https:\/\/bg.ostnet.pl\/index.php\/wp-json\/wp\/v2\/types\/page"}],"author":[{"embeddable":true,"href":"https:\/\/bg.ostnet.pl\/index.php\/wp-json\/wp\/v2\/users\/1"}],"replies":[{"embeddable":true,"href":"https:\/\/bg.ostnet.pl\/index.php\/wp-json\/wp\/v2\/comments?post=21"}],"version-history":[{"count":1,"href":"https:\/\/bg.ostnet.pl\/index.php\/wp-json\/wp\/v2\/pages\/21\/revisions"}],"predecessor-version":[{"id":22,"href":"https:\/\/bg.ostnet.pl\/index.php\/wp-json\/wp\/v2\/pages\/21\/revisions\/22"}],"wp:attachment":[{"href":"https:\/\/bg.ostnet.pl\/index.php\/wp-json\/wp\/v2\/media?parent=21"}],"curies":[{"name":"wp","href":"https:\/\/api.w.org\/{rel}","templated":true}]}}