{"id":13,"date":"2021-01-07T18:24:39","date_gmt":"2021-01-07T17:24:39","guid":{"rendered":"https:\/\/bg.ostnet.pl\/?page_id=13"},"modified":"2021-02-10T22:13:44","modified_gmt":"2021-02-10T21:13:44","slug":"grupy-i-wspolnoty","status":"publish","type":"page","link":"https:\/\/bg.ostnet.pl\/index.php\/grupy-i-wspolnoty\/","title":{"rendered":"Grupy i wsp\u00f3lnoty"},"content":{"rendered":"\n<h3 class=\"wp-block-heading\"><strong>Rada parafialna<\/strong><\/h3>\n\n\n\n<figure class=\"wp-block-image size-large ian-img-fullwidth\"><img loading=\"lazy\" decoding=\"async\" width=\"1024\" height=\"297\" src=\"https:\/\/bg.ostnet.pl\/wp-content\/uploads\/2021\/02\/pieczec-1024x297.jpeg\" alt=\"\" class=\"wp-image-226\" srcset=\"https:\/\/bg.ostnet.pl\/wp-content\/uploads\/2021\/02\/pieczec-1024x297.jpeg 1024w, https:\/\/bg.ostnet.pl\/wp-content\/uploads\/2021\/02\/pieczec-300x87.jpeg 300w, https:\/\/bg.ostnet.pl\/wp-content\/uploads\/2021\/02\/pieczec-768x223.jpeg 768w, https:\/\/bg.ostnet.pl\/wp-content\/uploads\/2021\/02\/pieczec-850x247.jpeg 850w, https:\/\/bg.ostnet.pl\/wp-content\/uploads\/2021\/02\/pieczec.jpeg 1110w\" sizes=\"auto, (max-width: 1024px) 100vw, 1024px\" \/><\/figure>\n\n\n\n<p>Rada duszpasterska stanowi, zgodnie z kanonem 536 KPK cia\u0142o doradcze, kt\u00f3re pod kierownictwem proboszcza parafii wspomaga kap\u0142an\u00f3w w organizacji \u017cycia duszpasterskiego w danej wsp\u00f3lnocie wiernych. W realizacji swoich zada\u0144 Rada duszpasterska kieruje si\u0119 celami okre\u015blonymi przez kanon 1254 \u00a7 2 KPK, uwzgl\u0119dniaj\u0105c specyfik\u0119 duszpastersk\u0105 danego o\u015brodka.<\/p>\n\n\n\n<p>Za sw\u00f3j podstawowy cel Rada duszpasterska ma wsp\u00f3\u0142odpowiedzialne wspieranie kap\u0142an\u00f3w w organizacji \u017cycia duszpasterskiego danej wsp\u00f3lnoty. Czyni to przez:<\/p>\n\n\n\n<ol class=\"wp-block-list\"><li><em>Udzia\u0142 w organizowaniu kultu Bo\u017cego w parafii (KPK 1254 \u00a7 2).<\/em><\/li><li><em>Uczestniczenie w trosce duszpasterskiej o parafi\u0119 (KPK 534).<\/em><\/li><li><em>Pomaganie kap\u0142anom w o\u017cywianiu dzia\u0142alno\u015bci duszpasterskiej (KPK 534).<\/em><\/li><li><em>Prowadzenie dzie\u0142 apostolskich (KPK 1254).<\/em><\/li><li><em>Troska o godziwe utrzymanie duchowie\u0144stwa i pracownik\u00f3w ko\u015bcielnych.<\/em><\/li><\/ol>\n\n\n\n<p>Rada realizuje wyznaczone cele przede wszystkim przez wsp\u00f3\u0142dzia\u0142anie z duszpasterzami w:<\/p>\n\n\n\n<ol class=\"wp-block-list\"><li><em>Opracowywaniu rocznych plan\u00f3w duszpasterskich.<\/em><\/li><li><em>Animowaniu dzia\u0142alno\u015bci grup duszpasterstwa specjalistycznego.<\/em><\/li><li><em>Koordynowaniu prowadzonych form duszpasterstwa.<\/em><\/li><li><em>Inspirowaniu dzia\u0142alno\u015bci charytatywnej.<\/em><\/li><li><em>Trosce o podejmowanie inicjatyw duszpasterskich uwzgl\u0119dniaj\u0105cych zachodz\u0105ce przemiany spo\u0142eczno-kulturowe. <\/em><\/li><\/ol>\n\n\n\n<p>W realizacji wyznaczonych cel\u00f3w Rada winna kierowa\u0107 si\u0119 odpowiedzialno\u015bci\u0105, troszczy\u0107 si\u0119 o w\u0142a\u015bciw\u0105 formacj\u0119 swoich cz\u0142onk\u00f3w i rzetelnie s\u0142u\u017cy\u0107 rozwojowi&nbsp; parafialnej wsp\u00f3lnoty.<\/p>\n\n\n\n<p><\/p>\n\n\n\n<h3 class=\"wp-block-heading\"><strong>R\u00f3\u017ce R\u00f3\u017ca\u0144cowe<\/strong><\/h3>\n\n\n\n<figure class=\"wp-block-image size-large is-resized ian-img-fullwidth\"><img loading=\"lazy\" decoding=\"async\" src=\"https:\/\/bg.ostnet.pl\/wp-content\/uploads\/2021\/02\/rozaniec.jpg\" alt=\"\" class=\"wp-image-214\" width=\"512\" height=\"160\" srcset=\"https:\/\/bg.ostnet.pl\/wp-content\/uploads\/2021\/02\/rozaniec.jpg 512w, https:\/\/bg.ostnet.pl\/wp-content\/uploads\/2021\/02\/rozaniec-300x94.jpg 300w\" sizes=\"auto, (max-width: 512px) 100vw, 512px\" \/><\/figure>\n\n\n\n<p>Modlitwa r\u00f3\u017ca\u0144cowa jest najpi\u0119kniejsz\u0105 modlitw\u0105 maryjn\u0105. Matka Bo\u017ca bardzo pragnie modlitwy r\u00f3\u017ca\u0144cowej. Wielokrotnie wyra\u017ca\u0142a to w miejscach swoich cudownych objawie\u0144. \u015aw. Jan Pawe\u0142 II m\u00f3wi\u0142: \u201eR\u00f3\u017caniec jest moj\u0105 codzienn\u0105 i umi\u0142owan\u0105 modlitw\u0105\u2026\u201d.<\/p>\n\n\n\n<p>W naszej parafii modlitw\u0119 t\u0119 podejmuj\u0105 mi\u0119dzy innymi R\u00f3\u017ce R\u00f3\u017ca\u0144cowe. Obecnie dzia\u0142a 6 R\u00f3\u017c &#8211; 5 R\u00f3\u017c \u017ce\u0144skich i 1 r\u00f3\u017ca m\u0119ska. Dzia\u0142alno\u015b\u0107 R\u00f3\u017c polega na codziennym odmawianiu jednej tajemnicy R\u00f3\u017ca\u0144ca przez ka\u017cdego cz\u0142onka. Wsp\u00f3lnota \u017bywego R\u00f3\u017ca\u0144ca jest zapleczem modlitewnym naszej parafii jak i ca\u0142ego Ko\u015bcio\u0142a Powszechnego przez codzienn\u0105 modlitw\u0119 w intencjach Ko\u015bcio\u0142a i parafialnych. Zmiany tajemnic r\u00f3\u017ca\u0144cowych przeprowadzane s\u0105 w pierwsze niedziele miesi\u0105ca po Mszy \u015bw. o godz. 11.00. Wcze\u015bniej wsp\u00f3ln\u0105 modlitw\u0105 obejmujemy wszystkie bie\u017c\u0105ce sprawy Ko\u015bcio\u0142a. Dzia\u0142alno\u015b\u0107 R\u00f3\u017c R\u00f3\u017ca\u0144cowych odbywa si\u0119 pod opiek\u0105 ksi\u0119dza Proboszcza.<\/p>\n\n\n\n<h3 class=\"wp-block-heading\"><strong>R\u00f3\u017caniec Rodzic\u00f3w za Dzieci<\/strong><\/h3>\n\n\n\n<figure class=\"wp-block-image size-large ian-img-fullwidth\"><img loading=\"lazy\" decoding=\"async\" width=\"925\" height=\"337\" src=\"https:\/\/bg.ostnet.pl\/wp-content\/uploads\/2021\/02\/rozaniec-dzieci.jpg\" alt=\"\" class=\"wp-image-232\" srcset=\"https:\/\/bg.ostnet.pl\/wp-content\/uploads\/2021\/02\/rozaniec-dzieci.jpg 925w, https:\/\/bg.ostnet.pl\/wp-content\/uploads\/2021\/02\/rozaniec-dzieci-300x109.jpg 300w, https:\/\/bg.ostnet.pl\/wp-content\/uploads\/2021\/02\/rozaniec-dzieci-768x280.jpg 768w, https:\/\/bg.ostnet.pl\/wp-content\/uploads\/2021\/02\/rozaniec-dzieci-850x310.jpg 850w\" sizes=\"auto, (max-width: 925px) 100vw, 925px\" \/><\/figure>\n\n\n\n<p>Od 1 kwietnia 2015 r. powsta\u0142y i rozpocz\u0119\u0142y modlitw\u0119 trzy R\u00f3\u017ce R\u00f3\u017ca\u0144ca Rodzic\u00f3w za Dzieci. Zach\u0119camy do kontaktu z moderatorami i podejmowania inicjatywy tworzenia nowych r\u00f3\u017c &#8211; (szczeg\u00f3\u0142y na stronie internetowej: www.rozaniecrodzicow.pl)<\/p>\n\n\n\n<p>W obecnej rzeczywisto\u015bci wielu niebezpiecze\u0144stw i zagro\u017ce\u0144 cywilizacyjnych modlitewne wsparcie Rodzic\u00f3w niesie za sob\u0105 wiele dobra.<\/p>\n\n\n\n<p>W gablocie og\u0142osze\u0144 b\u0119d\u0105 podawane aktualno\u015bci, intencje modlitewne, \u015bwiadectwa oraz terminy spotka\u0144 tych wsp\u00f3lnot. (w naszej parafii spotkania odbywa\u0107 si\u0119 b\u0119d\u0105 &#8211; w pierwszy dzie\u0144 miesi\u0105ca).<\/p>\n\n\n\n<p>Prosimy o otoczenie modlitw\u0105 tej inicjatywy zaproponowanej przez Wielkiego Or\u0119downika Rodzin \u015bw. Jana Paw\u0142a II.<\/p>\n\n\n\n<h3 class=\"wp-block-heading\"><strong>Grupa Biblijna<\/strong><\/h3>\n\n\n\n<figure class=\"wp-block-image size-large ian-img-fullwidth\"><img loading=\"lazy\" decoding=\"async\" width=\"1024\" height=\"416\" src=\"https:\/\/bg.ostnet.pl\/wp-content\/uploads\/2021\/02\/ksiega-1024x416.jpg\" alt=\"\" class=\"wp-image-227\" srcset=\"https:\/\/bg.ostnet.pl\/wp-content\/uploads\/2021\/02\/ksiega-1024x416.jpg 1024w, https:\/\/bg.ostnet.pl\/wp-content\/uploads\/2021\/02\/ksiega-300x122.jpg 300w, https:\/\/bg.ostnet.pl\/wp-content\/uploads\/2021\/02\/ksiega-768x312.jpg 768w, https:\/\/bg.ostnet.pl\/wp-content\/uploads\/2021\/02\/ksiega-1536x624.jpg 1536w, https:\/\/bg.ostnet.pl\/wp-content\/uploads\/2021\/02\/ksiega-850x345.jpg 850w, https:\/\/bg.ostnet.pl\/wp-content\/uploads\/2021\/02\/ksiega.jpg 1899w\" sizes=\"auto, (max-width: 1024px) 100vw, 1024px\" \/><\/figure>\n\n\n\n<p>Nieznajomo\u015b\u0107 Pisma jest nieznajomo\u015bci\u0105 Chrystusa<\/p>\n\n\n\n<p>Do Grupy Biblijnej nale\u017c\u0105 osoby czytaj\u0105ce i rozwa\u017caj\u0105ce Pismo \u015awi\u0119te. W czasie spotkania uczestnicy otwieraj\u0105 umys\u0142y i serca na G\u0142os Boga. Spotkania Grupy Biblijnej to czas, gdzie cz\u0142owiek zaczyna pog\u0142\u0119bia\u0107 swoj\u0105 wiar\u0119, zaczyna co\u015b robi\u0107 lepiej w codziennym \u017cyciu, a wi\u0119c zaczyna \u017cy\u0107 tak, jak pragnie tego sam B\u00f3g.<\/p>\n\n\n\n<p>Spotkania odbywaj\u0105 si\u0119 Sali Oazowej (nad zakrysti\u0105), we wtorki po Mszy \u015bw. wieczornej. Opiekunem jest ks. Krzysztof Czaja.<\/p>\n\n\n\n<p>Zapraszamy do przyj\u015bcia i pos\u0142uchania, co Jezus m\u00f3wi do Ciebie w Pi\u015bmie i przez usta pozosta\u0142ych uczestnik\u00f3w kr\u0119gu.<\/p>\n\n\n\n<h3 class=\"wp-block-heading\"><strong>Caritas<\/strong><\/h3>\n\n\n\n<figure class=\"wp-block-image size-large ian-img-fullwidth\"><img loading=\"lazy\" decoding=\"async\" width=\"940\" height=\"296\" src=\"https:\/\/bg.ostnet.pl\/wp-content\/uploads\/2021\/02\/162491_r0_940-e1612899630620.jpg\" alt=\"\" class=\"wp-image-223\" srcset=\"https:\/\/bg.ostnet.pl\/wp-content\/uploads\/2021\/02\/162491_r0_940-e1612899630620.jpg 940w, https:\/\/bg.ostnet.pl\/wp-content\/uploads\/2021\/02\/162491_r0_940-e1612899630620-300x94.jpg 300w, https:\/\/bg.ostnet.pl\/wp-content\/uploads\/2021\/02\/162491_r0_940-e1612899630620-768x242.jpg 768w, https:\/\/bg.ostnet.pl\/wp-content\/uploads\/2021\/02\/162491_r0_940-e1612899630620-850x268.jpg 850w\" sizes=\"auto, (max-width: 940px) 100vw, 940px\" \/><\/figure>\n\n\n\n<p class=\"has-text-align-right\">\u201e<em>Cz\u0142owiek jest wielki nie przez to, co posiada, lecz przez to, kim jest; nie przez to, co ma, lecz przez to, czym dzieli si\u0119 z innymi.<\/em>\u201d<br><br>\u015bw. Jan Pawe\u0142 II <\/p>\n\n\n\n<p>Ko\u0142o liczy kilkana\u015bcie os\u00f3b. Opiekuje si\u0119 ni\u0105 ks. Proboszcz Stanis\u0142aw Kogut, za\u015b przewodnicz\u0105c\u0105 oddzia\u0142u parafialnego Zuzanna Tajak. <\/p>\n\n\n\n<p>Do zada\u0144 PZC nale\u017cy promocja pos\u0142ugi charytatywnej we wsp\u00f3lnocie parafialnej, rozpoznawanie potrzeb os\u00f3b znajduj\u0105cych si\u0119 w trudnej sytuacji na terenie parafii oraz organizowanie szybkiej i skutecznej pomocy w jej obr\u0119bie. Zesp\u00f3\u0142 Caritasu organizuje paczki \u017cywno\u015bciowe przed \u015awi\u0119tami Bo\u017cego Narodzenia a tak\u017ce przed Uroczysto\u015bci\u0105 Zmartwychwstania Pa\u0144skiego.<\/p>\n\n\n\n<h3 class=\"wp-block-heading\"><strong>Liturgiczna S\u0142u\u017cba O\u0142tarza<\/strong><\/h3>\n\n\n\n<figure class=\"wp-block-image size-large ian-img-fullwidth\"><img loading=\"lazy\" decoding=\"async\" width=\"1024\" height=\"317\" src=\"https:\/\/bg.ostnet.pl\/wp-content\/uploads\/2021\/02\/dzwonki-1024x317.jpg\" alt=\"\" class=\"wp-image-228\" srcset=\"https:\/\/bg.ostnet.pl\/wp-content\/uploads\/2021\/02\/dzwonki-1024x317.jpg 1024w, https:\/\/bg.ostnet.pl\/wp-content\/uploads\/2021\/02\/dzwonki-300x93.jpg 300w, https:\/\/bg.ostnet.pl\/wp-content\/uploads\/2021\/02\/dzwonki-768x238.jpg 768w, https:\/\/bg.ostnet.pl\/wp-content\/uploads\/2021\/02\/dzwonki-850x263.jpg 850w, https:\/\/bg.ostnet.pl\/wp-content\/uploads\/2021\/02\/dzwonki.jpg 1342w\" sizes=\"auto, (max-width: 1024px) 100vw, 1024px\" \/><\/figure>\n\n\n\n<p>Wsp\u00f3lnota Liturgicznej S\u0142u\u017cby O\u0142tarza nosi nazw\u0119 \u201eBobola\u201d. Liczy 13 lektor\u00f3w, 15 ministrant\u00f3w oraz 3 aspirant\u00f3w. <\/p>\n\n\n\n<p>Opiekunem grupy jest ks. Piotr Sala. <br>Grupy wiekowe maj\u0105 swoich animator\u00f3w. Pod ich opiek\u0105, co tydzie\u0144 odbywaj\u0105 si\u0119 spotkania formacyjne a tak\u017ce organizowane s\u0105 zbi\u00f3rki przed wa\u017cnymi uroczysto\u015bciami. <\/p>\n\n\n\n<p>Cotygodniowe spotkania odbywaj\u0105 si\u0119 w ramach 4 grup:<\/p>\n\n\n\n<ul class=\"wp-block-list\"><li>I grupa \u2013 kandydaci (aspiranci);<\/li><li>II grupa \u2013 ministranci z klas V \u2013 VI;<\/li><li>III grupa- klasa VII\u2013 kurs lektorski <\/li><li>lektorzy \u2013 ch\u0142opcy z klas \u00f3smych a tak\u017ce starsza m\u0142odzie\u017c. <\/li><\/ul>\n\n\n\n<p>Cz\u0142onkowie LSO bior\u0105 udzia\u0142 w turnusach wakacyjnych, kursach lektorskich, jak r\u00f3wnie\u017c animatorskich, aby zg\u0142\u0119bia\u0107 tajniki liturgii oraz rozwija\u0107 swoj\u0105 wiar\u0119. Praktykowane s\u0105 tak\u017ce inne wyjazdy wypoczynkowe typu: wycieczki, zawody sportowe, ogniska a tak\u017ce cotygodniowe rozgrywki sportowe w ci\u0105gu ca\u0142ego roku w ka\u017cd\u0105 \u015brod\u0119.<\/p>\n\n\n\n<p>Jak m\u00f3wi samo s\u0142owo <strong>ministrant to s\u0142uga <\/strong>, takie jest bowiem znaczenie \u0142aci\u0144skiego s\u0142owa z jakiego si\u0119 wywodzi. Na co dzie\u0144 pos\u0142uguj\u0105 kap\u0142anom podczas Mszy \u015bw., r\u00f3\u017cnych nabo\u017ce\u0144stw oraz celebracji innych sakrament\u00f3w. Ich zadaniem jest pos\u0142uga przy ksi\u0119dze, krzy\u017cu, kadzidle, kielichu, ampu\u0142kach, \u015bwiecach. Lektorzy natomiast czytaj\u0105 S\u0142owo Bo\u017ce ludowi Bo\u017cemu, wezwania Modlitwy Powszechnej, jak r\u00f3wnie\u017c podejmuj\u0105 pos\u0142ug\u0119 akolit\u00f3w, komentator\u00f3w i kantor\u00f3w.<\/p>\n\n\n\n<h3 class=\"wp-block-heading\"><strong>Schola<\/strong><\/h3>\n\n\n\n<figure class=\"wp-block-image size-large ian-img-fullwidth\"><img loading=\"lazy\" decoding=\"async\" width=\"1024\" height=\"330\" src=\"https:\/\/bg.ostnet.pl\/wp-content\/uploads\/2021\/02\/nutki-1024x330.jpg\" alt=\"\" class=\"wp-image-229\" srcset=\"https:\/\/bg.ostnet.pl\/wp-content\/uploads\/2021\/02\/nutki-1024x330.jpg 1024w, https:\/\/bg.ostnet.pl\/wp-content\/uploads\/2021\/02\/nutki-300x97.jpg 300w, https:\/\/bg.ostnet.pl\/wp-content\/uploads\/2021\/02\/nutki-768x248.jpg 768w, https:\/\/bg.ostnet.pl\/wp-content\/uploads\/2021\/02\/nutki-1536x495.jpg 1536w, https:\/\/bg.ostnet.pl\/wp-content\/uploads\/2021\/02\/nutki-850x274.jpg 850w, https:\/\/bg.ostnet.pl\/wp-content\/uploads\/2021\/02\/nutki.jpg 1660w\" sizes=\"auto, (max-width: 1024px) 100vw, 1024px\" \/><\/figure>\n\n\n\n<p>Parafialna schola dzia\u0142aj\u0105ca przy parafii \u015bw. Andrzeja Boboli w Gorlicach ubogaca r\u00f3\u017cne okoliczno\u015bciowe nabo\u017ce\u0144stwa. Przygotowuje i realizuje opraw\u0119 liturgii Mszy \u015awi\u0119tej niedzielnej dla m\u0142odzie\u017cy o 9.30. <\/p>\n\n\n\n<p>Opiek\u0119 duchow\u0105 nad grup\u0105 sprawuje ks. Piotr Sala. <\/p>\n\n\n\n<p>Spotkania odbywaj\u0105 si\u0119 ka\u017cd\u0105 sobot\u0119 o godz. 10.00 w przyparafialnej sali pod kierunkiem pana Roberta Gryzika. <\/p>\n\n\n\n<p>Wsp\u00f3lny \u015bpiew naszej scholii przyczynia si\u0119 do wi\u0119kszej chwa\u0142y Bo\u017cej. Pi\u0119kn\u0105 opraw\u0105 pomaga wszystkim aktywniej uczestniczy\u0107 we Mszy \u015awi\u0119tej. <\/p>\n\n\n\n<p><strong>Serdecznie zapraszamy ch\u0119tnych do tego pi\u0119knego dzie\u0142a.<\/strong><\/p>\n\n\n\n<p><\/p>\n\n\n\n<h3 class=\"wp-block-heading\"><strong>Ch\u00f3r parafialny<\/strong><\/h3>\n\n\n\n<figure class=\"wp-block-image size-large ian-img-fullwidth\"><img loading=\"lazy\" decoding=\"async\" width=\"1024\" height=\"278\" src=\"https:\/\/bg.ostnet.pl\/wp-content\/uploads\/2021\/02\/chor-1024x278.jpg\" alt=\"\" class=\"wp-image-283\" srcset=\"https:\/\/bg.ostnet.pl\/wp-content\/uploads\/2021\/02\/chor-1024x278.jpg 1024w, https:\/\/bg.ostnet.pl\/wp-content\/uploads\/2021\/02\/chor-300x82.jpg 300w, https:\/\/bg.ostnet.pl\/wp-content\/uploads\/2021\/02\/chor-768x209.jpg 768w, https:\/\/bg.ostnet.pl\/wp-content\/uploads\/2021\/02\/chor-1536x418.jpg 1536w, https:\/\/bg.ostnet.pl\/wp-content\/uploads\/2021\/02\/chor-850x231.jpg 850w, https:\/\/bg.ostnet.pl\/wp-content\/uploads\/2021\/02\/chor.jpg 1920w\" sizes=\"auto, (max-width: 1024px) 100vw, 1024px\" \/><\/figure>\n\n\n\n<p>Przy naszej parafii dzia\u0142a r\u00f3wnie\u017c ch\u00f3r \u201eSANCTUS ANDREAS\u201d. Powsta\u0142 w 2019 roku. Liczy kilkana\u015bcie os\u00f3b. Jego dyrygentem jest Robert Gryzik. <\/p>\n\n\n\n<p>Nasz ch\u00f3r parafialny \u015bpiewem wielbi Boga, ubogaca r\u00f3\u017cne uroczysto\u015bci ko\u015bcielne. <\/p>\n\n\n\n<p>Zapraszamy do naszej wsp\u00f3lnoty.<\/p>\n","protected":false},"excerpt":{"rendered":"<p>Rada parafialna Rada duszpasterska stanowi, zgodnie z kanonem 536 KPK cia\u0142o doradcze, kt\u00f3re pod kierownictwem proboszcza parafii wspomaga kap\u0142an\u00f3w w organizacji \u017cycia duszpasterskiego w danej&hellip; <\/p>\n","protected":false},"author":1,"featured_media":0,"parent":0,"menu_order":0,"comment_status":"closed","ping_status":"closed","template":"","meta":{"footnotes":""},"class_list":["post-13","page","type-page","status-publish","hentry"],"_links":{"self":[{"href":"https:\/\/bg.ostnet.pl\/index.php\/wp-json\/wp\/v2\/pages\/13","targetHints":{"allow":["GET"]}}],"collection":[{"href":"https:\/\/bg.ostnet.pl\/index.php\/wp-json\/wp\/v2\/pages"}],"about":[{"href":"https:\/\/bg.ostnet.pl\/index.php\/wp-json\/wp\/v2\/types\/page"}],"author":[{"embeddable":true,"href":"https:\/\/bg.ostnet.pl\/index.php\/wp-json\/wp\/v2\/users\/1"}],"replies":[{"embeddable":true,"href":"https:\/\/bg.ostnet.pl\/index.php\/wp-json\/wp\/v2\/comments?post=13"}],"version-history":[{"count":19,"href":"https:\/\/bg.ostnet.pl\/index.php\/wp-json\/wp\/v2\/pages\/13\/revisions"}],"predecessor-version":[{"id":382,"href":"https:\/\/bg.ostnet.pl\/index.php\/wp-json\/wp\/v2\/pages\/13\/revisions\/382"}],"wp:attachment":[{"href":"https:\/\/bg.ostnet.pl\/index.php\/wp-json\/wp\/v2\/media?parent=13"}],"curies":[{"name":"wp","href":"https:\/\/api.w.org\/{rel}","templated":true}]}}