{"id":122,"date":"2021-02-09T00:01:09","date_gmt":"2021-02-08T23:01:09","guid":{"rendered":"https:\/\/bg.ostnet.pl\/?page_id=122"},"modified":"2021-02-10T22:35:01","modified_gmt":"2021-02-10T21:35:01","slug":"golgota-gorlicka","status":"publish","type":"page","link":"https:\/\/bg.ostnet.pl\/index.php\/golgota-gorlicka\/","title":{"rendered":"Golgota Gorlicka"},"content":{"rendered":"\n<figure class=\"wp-block-image size-large\"><img loading=\"lazy\" decoding=\"async\" width=\"850\" height=\"383\" src=\"https:\/\/bg.ostnet.pl\/wp-content\/uploads\/2021\/02\/golgota.jpg\" alt=\"\" class=\"wp-image-383\" srcset=\"https:\/\/bg.ostnet.pl\/wp-content\/uploads\/2021\/02\/golgota.jpg 850w, https:\/\/bg.ostnet.pl\/wp-content\/uploads\/2021\/02\/golgota-300x135.jpg 300w, https:\/\/bg.ostnet.pl\/wp-content\/uploads\/2021\/02\/golgota-768x346.jpg 768w\" sizes=\"auto, (max-width: 850px) 100vw, 850px\" \/><\/figure>\n\n\n\n<p>W marcu 1973 &#8211; postawiono tu krzy\u017c na pami\u0105tk\u0119 zako\u0144czenie Peregrynacji Kopii Obrazu Jasnog\u00f3rskiego w Symbolach Pustych Ram i \u015awiecy z diecezji tarnowskiej do przemyskiej przy wsp\u00f3\u0142udziale dziesi\u0105tk\u00f3w biskup\u00f3w, a w\u015br\u00f3d nich kardyna\u0142a Karola Wojty\u0142y.<\/p>\n\n\n\n<p>Wielki Czwartek 1994 &#8211; pierwsza droga krzy\u017cowa spod budowanego ko\u015bcio\u0142a \u015aw. Andrzeja Boboli na Gorlick\u0105 Golgot\u0119.<\/p>\n\n\n\n<p>Lato 1994 &#8211; wykonanie pierwszego \u2013 g\u00f3rnego dojazdu \u2013 na teren p\u00f3\u017aniejszej budowy kaplicy Grobu Pa\u0144skiego. Prace ziemne wykonywa\u0142a firma \u201ePotok\u201d ze Str\u00f3\u017c\u00f3wki. Wcze\u015bniej nie by\u0142o \u017cadnego dojazdu do tej parceli. Poza wykonaniem dojazdu, wyr\u00f3wnano r\u00f3wnie\u017c nieco teren, ale tylko \u201enieco\u201d.<\/p>\n\n\n\n<p>1998 &#8211; podj\u0119cie stara\u0144 o uzyskanie zezwolenia na budow\u0119 kaplicy. Starania si\u0119 przeci\u0105gaj\u0105, gdy\u017c teren przysz\u0142ej kaplicy jest przewidziany na inne cele. Odst\u0119pstwo od planu tylko na tych dzia\u0142kach poci\u0105gn\u0119\u0142oby niepotrzebne koszty. Zreszt\u0105 Parafia mia\u0142a w tym czasie jeszcze inne pilne prace budowlane.<\/p>\n\n\n\n<p>Kaplica na Golgocie mia\u0142a by\u0107 wzniesiona jako podzi\u0119kowanie Panu Bogu za specjalne b\u0142ogos\u0142awie\u0144stwo przy budowie ko\u015bcio\u0142a \u015aw. Andrzeja Boboli, a r\u00f3wnocze\u015bnie jako podzi\u0119kowanie Panu Bogu za 2000 lat chrze\u015bcija\u0144stwa.<\/p>\n\n\n\n<p>Przed\u0142u\u017caj\u0105ce si\u0119 oczekiwanie na obiecane pozwolenie na budow\u0119 kaplicy zach\u0119ci\u0142o do wcze\u015bniejszego wznoszenia drogi krzy\u017cowej na Gorlickiej Golgocie. Ks. Proboszcz Parafii \u015aw. Andrzeja Boboli podda\u0142 projektantowi p. architektowi mgr Julianowi Klimkowi pod rozwag\u0119 dwie mo\u017cliwo\u015bci:<\/p>\n\n\n\n<ul class=\"wp-block-list\"><li><em>umie\u015bci\u0107 poszczeg\u00f3lne stacje w przywiezionych g\u0142azach jako nawi\u0105zanie do faktu, \u017ce tu by\u0142 kamienio\u0142om, z kt\u00f3rego pozyskiwano kamie\u0144 na odbudowe Gorlic, albo te\u017c<\/em><\/li><li><em>umie\u015bci\u0107 je w \u201ewymurowanych\u201d fragmentach mur\u00f3w nawi\u0105zuj\u0105c do legendy, \u017ce kiedy\u015b na tym wzg\u00f3rzu Zamkowym sta\u0142 ko\u015bci\u00f3\u0142, a mo\u017ce i miasteczko<\/em><\/li><\/ul>\n\n\n\n<p>Architekt jednak ba\u0142 si\u0119 takich rozwi\u0105za\u0144 i zaproponowa\u0142 umie\u015bci\u0107 je we wzniesionych na tym wzg\u00f3rzu kapliczkach przydro\u017cnych, kt\u00f3re nawet naszkicowa\u0142. W\u015br\u00f3d przydro\u017cnych kapliczek mia\u0142a by\u0107 r\u00f3wnie\u017c symboliczna baszta.<\/p>\n\n\n\n<p>Prace zacz\u0119li\u015bmy w\u0142a\u015bnie od owej baszty. Problem wyszed\u0142 na samym pocz\u0105tku. W\u0142asno\u015bci\u0105 Parafii by\u0142o tylko niepe\u0142ne 30 ar\u00f3w wok\u00f3\u0142 dzisiejszej kaplicy. Zmie\u015bci\u0107 na 30 arach kaplic\u0119 i 14 stacji by\u0142o niezmiernie trudno.<\/p>\n\n\n\n<p>Wcze\u015bniej znacznie szuka\u0142em odpowiedniego kamienia. Najpierw pojecha\u0142em do M\u0119ciny ko\u0142o Nowego S\u0105cza, ale tam tego kamienia ju\u017c nie wydobywano. Pojecha\u0142em wi\u0119c do Kl\u0119czan k\/Nowego S\u0105cza. Tam sp\u0119dzi\u0142em w kamienio\u0142omie kilka godzin, szukaj\u0105c odpowiedniego pok\u0142adu i badaj\u0105c mo\u017cliwo\u015bci uzyskania odpowiednich g\u0142az\u00f3w, by w nich umie\u015bci\u0107 poszczeg\u00f3lne stacje.<\/p>\n\n\n\n<p>Kamienio\u0142om kl\u0119cza\u0144ski przeszed\u0142 w\u00f3wczas ju\u017c s\u0142awn\u0105 \u201erestrukturyzacj\u0119\u201d \u2013 to znaczy prawie upad\u0142. Zak\u0142ad, kt\u00f3ry wcze\u015bniej zatrudnia\u0142 setki ludzi pracuj\u0105cych na 3 zmiany, z kt\u00f3rego wywozi\u0142o si\u0119 setki wagon\u00f3w kli\u0144ca u\u017cywanego zw\u0142aszcza do budowy tor\u00f3w kolejowych, pracowa\u0142 teraz jako malutki kamienio\u0142om, gdzie pracowa\u0142o zaledwie kilka maszyn i to bardzo sfatygowanych. O wydobyciu wi\u0119kszych g\u0142az\u00f3w, o jakich my\u015bla\u0142em, mowy nie by\u0142o. Trzeba by by\u0142o czeka\u0107 chyba ca\u0142ymi miesi\u0105cami, by od czasu do czasy uda\u0142o si\u0119 takim sprz\u0119tem wydoby\u0107 odpowiedni \u201ek\u0119s\u201d kamienia. Majstrzy, czy te\u017c w\u0142a\u015bciciel wyra\u017cali wielk\u0105 ch\u0119\u0107 pomocy, ale nie widzia\u0142em mo\u017cliwo\u015bci otrzymania tam odpowiednich na \u201eg\u0142azy\u201d kamieni. Pojecha\u0142em wi\u0119c do Komborni, ale i tam w tym czasie nie by\u0142o takich mo\u017cliwo\u015bci.<\/p>\n\n\n\n<p>Dowiedzia\u0142em si\u0119 te\u017c, \u017ce w Lipowicy za Dukl\u0105 (tu\u017c przed pustelni\u0105 \u015bw. Jana z Dukli) jest kamienio\u0142om, z kt\u00f3rego bior\u0105 kamie\u0144 na melioracje. Podjecha\u0142em tam, by si\u0119 przekona\u0107 na miejscu, jakie s\u0105 mo\u017cliwo\u015bci. Owszem, tam by\u0142y najwi\u0119ksze, ale pochodz\u0105ce z kamieni \u201ewarstwowych\u201d, a wi\u0119c dwie \u015bciany r\u00f3wnoleg\u0142e g\u0142adkie. Mo\u017ce by nawet by\u0142a i mo\u017cliwo\u015b\u0107 wybrania du\u017cych g\u0142az\u00f3w, ale po zastanowieniu si\u0119 zrezygnowa\u0142em z tego pomys\u0142u. Najpierw brakowa\u0142o \u201echarakterystycznych\u201d, a wi\u0119c o jakich\u015b specjalnych kszta\u0142tach, obrobionych przez czas i si\u0142y przyrody. By\u0142y tylko pop\u0119kane o ostrych kraw\u0119dziach. Takie by\u0142yby na Golgocie do\u015b\u0107 sztuczne \u2013 przynajmniej wed\u0142ug mnie. Do tego dochodzi\u0142y jeszcze wzgl\u0119dy praktyczne. Trzeba by\u0142o kamie\u0144 taki za\u0142adowa\u0107, zawie\u017a\u0107 na miejsce, a dojecha\u0107 na samo wzg\u00f3rze by\u0142o w\u00f3wczas do\u015b\u0107 trudno. A na samych szczycie by\u0142 potrzebny za ka\u017cdym samochodem d\u017awig, by kamie\u0144 taki z miejsca ustawi\u0107. A wi\u0119c doje\u017cd\u017ca\u0107 za ka\u017cdym razem d\u017awigiem. Kto zap\u0142aci\u2026 Nie nawyk\u0142em do takiej rozrzutno\u015bci na budowie. Przem\u00f3wi\u0142y wi\u0119c wzgl\u0119dy praktyczne. B\u0119dziemy bra\u0107 kamie\u0144, ale do murarki.<\/p>\n\n\n\n<p>Kamie\u0144 pozyskiwany w Lipowicy by\u0142 r\u00f3\u017cny. Mo\u017cna by\u0142o sobie wybra\u0107 du\u017ce g\u0142azy, lub mniejsze, a nawet pot\u0142uczony. Kamie\u0144 tam by\u0142 wysadzany dynamitem, chocia\u017c ska\u0142a warstwowa ju\u017c sama by\u0142a pop\u0119kana. Kamie\u0144 twardo\u015bci i jako\u015bci podobny do tego z Mucharza, nadawa\u0142 si\u0119 do prac melioracyjnych i drogowych. Natomiast nie nadawa\u0142 si\u0119 tradycyjnej obr\u00f3bki kamieniarskiej, jako zbyt twardy. Ale do murarki \u201ena dziko\u201d by\u0142 dobrym.<\/p>\n\n\n\n<p>Kamienie wozi\u0142 nam Stanis\u0142aw Karp. Pocz\u0105tkowo w\u00f3z w kamienio\u0142omie nie by\u0142 wa\u017cony. Ale cz\u0119sto w\u0142a\u015bnie w pobli\u017cu kamienio\u0142omu czyhali z Inspekcji Drogowej ze specjaln\u0105 wag\u0105. Trzeba by\u0142o wybiera\u0107 godziny, by nie podpa\u015b\u0107. Bo z takimi inspektorami nie by\u0142o \u017cart\u00f3w.<\/p>\n\n\n\n<p>Do pracy przyst\u0105pili\u015bmy z wielk\u0105 ochot\u0105 wiosn\u0105 roku 2002.<\/p>\n\n\n\n<p>Pod koniec naszych prac okaza\u0142o si\u0119, \u017ce lepiej by\u0142o jednak korzysta\u0107 z drobniejszych kamieni przywiezionych z tamtego kamienio\u0142omu. Mniej wymaga\u0142y si\u0142y i czasu, a nie by\u0142y gorszymi, mimo, \u017ce najcz\u0119\u015bciej by\u0142y to kamienie o ostrych k\u0105tach. Po kilku tygodniach kilka samochod\u00f3w przywiezionego du\u017cego kamienia, zosta\u0142o po\u0142upane.<\/p>\n\n\n\n<p>Prac\u0119, jak wspomnia\u0142em rozpocz\u0119li\u015bmy w sierpniu, i to w drugiej po\u0142owie roku 2002.<\/p>\n\n\n\n<p>Najpierw by\u0142a budowana baszta. Mimo tego, \u017ce nasi \u201emurarze\u201d po raz pierwszy mieli do czynienia z murowaniem, a tylko jeden wcze\u015bniej murowa\u0142 ceg\u0142\u0105, do\u015b\u0107 szybko zacz\u0119li murowa\u0107 do\u015b\u0107 poprawnie. Nie by\u0142o to murowanie artystyczne czy fachowe, ale w\u0142a\u015bnie o to chodzi\u0142o. Mury baszty do\u015b\u0107 szybko stan\u0119\u0142y. Trzeba by\u0142o pomy\u015ble\u0107 o dachu, kr\u0105\u017cynach, o przykryciu. Fasowanie dachu baszty \u201ewykona\u0142\u201d cz\u0142owiek, kt\u00f3ry od lat ju\u017c nie wykonywa\u0142 zawodu blacharza i zesz\u0142o mu to do\u015b\u0107 d\u0142ugo\u2026. Ale w ko\u0144cu sko\u0144czy\u0142. Gonty papowe po\u0142o\u017cy\u0142 Ja\u015b S\u0142owik. Przy kr\u0105\u017cynach do dachu dopom\u00f3g\u0142 nam Kazimierz Wcis\u0142o daj\u0105c nie tylko robocizn\u0119, ale kilka swoich grubych desek\u2026.<\/p>\n\n\n\n<p>Baszta wed\u0142ug plan\u00f3w mia\u0142a by\u0107 pusta i\u2026 mniejsza, ale nieco powi\u0119kszy\u0142em i zrobi\u0142em otw\u00f3r, by p\u00f3\u017aniej umie\u015bci\u0107 tam figur\u0119 Chrystusa Frasobliwego, wzgl\u0119dnie przy s\u0142upie. Ale gdy j\u0105 dosta\u0142em, trzeba by\u0142o rozebra\u0107 fragment \u015bciany, bo Pan Jezus Frasobliwy nie przeszed\u0142 przez pozostawiony otw\u00f3r. Ju\u017c Go nikt stamt\u0105d nie wydostanie bez rozbi\u00f3rki muru\u2026. Otw\u00f3r trzeba by\u0142o jednak zaszkli\u0107, by nie nadmucha\u0142o \u015bniegu i nie nanios\u0142o li\u015bci czy jakich\u015b \u015bmieci\u2026.<\/p>\n\n\n\n<p>Zmieniono te\u017c koncepcj\u0119 drogi krzy\u017cowej. Zrezygnowano z kapliczek, a nawi\u0105zano do legendy zamku i ko\u015bcio\u0142a.<\/p>\n\n\n\n<p>Pomys\u0142 bram powsta\u0142 ju\u017c przy robieniu wykop\u00f3w pod fundamenty. \u017beby podkre\u015bli\u0107 \u201ewyprowadzenie poza miasto\u201d, ju\u017c przy 3 stacji umie\u015bci\u0142em bram\u0119. Pomys\u0142 takiego usytuowania bramy wyszed\u0142 od J\u00f3zefa Bracha. Brama ta bardzo \u201eprzystroi\u0142a\u201d teren wok\u00f3\u0142 krzy\u017ca i sam pocz\u0105tek drogi krzy\u017cowej. Martwili si\u0119 nasi \u201eprzyuczeni do zawodu kamieniarskiego\u201d panowie Jan S\u0142owik, J\u00f3zef Brach i W\u0142adys\u0142aw Zieli\u0144ski, jak mo\u017cna zrobi\u0107 takie sklepienie, ale posz\u0142o im to znacznie lepiej ni\u017c my\u015bleli.<\/p>\n\n\n\n<p>Prace sz\u0142y naprawd\u0119 szybko. Ju\u017c p\u00f3\u017an\u0105 jesieni\u0105 mogli\u015bmy wykona\u0107 jeszcze grot\u0119 MB Bolesnej. Przy kopaniu wykop\u00f3w na fundamenty dokopali\u015bmy si\u0119 kilku ma\u0142ych zaskro\u0144c\u00f3w pogr\u0105\u017conych we \u015bnie zimowym\u2026. Otw\u00f3r groty dostosowali\u015bmy do kraty kowalskiej, kt\u00f3r\u0105 w\u0142asnor\u0119cznie wykona\u0142em jeszcze bodaj w roku 1986 na plebani\u0119. Nawet by\u0142a tam zamontowana, ale j\u0105 \u015bci\u0105gn\u0119li\u015bmy do malowania , by jej wi\u0119cej nie za\u0142o\u017cy\u0107.<\/p>\n\n\n\n<p>W roku 2003 otrzymali\u015bmy obiecywane zezwolenie na budow\u0119 kaplicy. Kierownictwo budowy wzi\u0105\u0142 mgr in\u017c. Wac\u0142aw Koz\u0142owski.<\/p>\n\n\n\n<p>Wytyczenia budynku dokona\u0142 in\u017c. Zygmunt Paruzel, kt\u00f3ry bardzo cz\u0119sto wypoczywa\u0142 na tym wzg\u00f3rzu po swej pracy. Wszystkie prace wykona\u0142 bezp\u0142atnie. Ju\u017c przy wytyczeniu obr\u00f3cili\u015bmy o\u015b budynku o 90 stopni, gdy\u017c bali\u015bmy si\u0119 wschodnich wiatr\u00f3w, kt\u00f3re by\u0142yby bardzo dokuczliwe.<\/p>\n\n\n\n<p>Prace budowlane rozpocz\u0119li\u015bmy 18 kwietnia 2003r.<\/p>\n\n\n\n<p>Przeje\u017cd\u017caj\u0105c przez Gorlice widzia\u0142em budowane w\u00f3wczas Osiedle XXX-Lecia, ale nigdy nie przypuszcza\u0142em, \u017ce tam kiedy\u015b zostan\u0119 proboszczem i budowa\u0142 b\u0119d\u0119 ko\u015bci\u00f3\u0142. Tym bardziej spogl\u0105daj\u0105c p\u00f3\u017aniej z okna wybudowanej plebanii w stron\u0119 wzg\u00f3rza, nazwanego teraz Gorlick\u0105 Golgot\u0105, nie przypuszcza\u0142em, \u017ce tak ona b\u0119dzie wygl\u0105da\u0107.<\/p>\n\n\n\n<p>Mieszkaj\u0105c w Gorlicach, lubi\u0142em dla relaksu w\u0119drowa\u0107 po Parafii oraz po okolicy. Cz\u0119sto by\u0142y to w\u0119dr\u00f3wki za potrzebnym do pracy cz\u0142owiekiem, czasem dla jego odwiedzin, gdy by\u0142 chory, a niekiedy z ciekawo\u015bci. Szed\u0142em do\u015b\u0107 cz\u0119sto przez funkcjonuj\u0105c\u0105 jeszcze pocz\u0105tkowo cegielni\u0119 na ulicy w\u00f3wczas jeszcze Pstrowskiego (teraz Okulickiego) i dolink\u0105 potoczku ko\u0142o Pa\u0144stwa Gomu\u0142k\u00f3w i Myszkowskich na \u0141ys\u0105 G\u00f3r\u0119. Niekiedy wchodzi\u0142em na ni\u0105 obok domu \u0141u\u017cy\u0144skich. Ale n\u0119ci\u0142a mnie bardzo ni\u017csze nieco wzg\u00f3rze. Zaro\u015bni\u0119te by\u0142o mocno tarnin\u0105. Na skraju by\u0142 krzy\u017c postawiony tam w marcu 1973 roku na pami\u0105tk\u0119 zako\u0144czenia Peregrynacji Obrazu Jasnog\u00f3rskiego w Symbolach. Krzy\u017c ten otoczony by\u0142 wielk\u0105 trosk\u0105 Pa\u0144stwa Brach\u00f3w oraz Zieli\u0144skich, mieszkaj\u0105cych u podn\u00f3\u017ca \u2013 w\u0142a\u015bcicieli tej parceli. Nie tylko dbali o porz\u0105dek przy krzy\u017cu, ich \u017cony i c\u00f3ry sadzi\u0142y kwiaty i podlewa\u0142y je, ale zasadzono tam obok krzy\u017ca \u015bwierki, lipy i inne krzewy. Z drogi, kt\u00f3ra wiod\u0142a do ich dom\u00f3w pocz\u0105tkowo z kamieni zrobili strome schody, by mo\u017cna by\u0142o podej\u015b\u0107 do krzy\u017ca i tam si\u0119 pomodli\u0107. P\u00f3\u017aniej J\u00f3zef Brach z pozosta\u0142ych p\u0142ytek chodnikowych zrobionych na placu budowy dla zabezpieczenia izolacji pionowej w budowanym ko\u015bciele, wykona\u0142 sam lepsze schody, do kt\u00f3rych w roku 2004 Ja\u015b S\u0142owik dorobi\u0142 stalow\u0105 barierk\u0119. Pod krzy\u017cem J\u00f3zef Brach w\u0142asnym kosztem zrobi\u0142 \u0142awki, by mo\u017cna by\u0142o usi\u0105\u015b\u0107. Wykona\u0142 te\u017c lampy i doprowadzi\u0142 pr\u0105d ze swego domu, by o\u015bwietli\u0107 ten teren. Na samym krzy\u017cu porobi\u0142 instalacj\u0119 elektryczn\u0105 i w niekt\u00f3re dni w ci\u0105gu roku krzy\u017c ten b\u0142yszcza\u0142 na firmamencie nieba\u2026 Niesamowicie wygl\u0105da\u0142 w czasie naszych dr\u00f3g kryzowych mi\u0119dzy gwiazdami\u2026 Pewne dziecko w czasie takiej drogi krzy\u017cowej, pokazuj\u0105c mamusi paluszkiem \u015bwiec\u0105cy mi\u0119dzy gwiazdami krzy\u017c, zada\u0142o jej pytanie: \u201eMamusiu, to tam ju\u017c niebo?\u201d\u2026.<\/p>\n\n\n\n<p>Wybra\u0142em si\u0119 i ja na to wzg\u00f3rze, pocz\u0105tkowo nie wiedz\u0105c co na nim jest. Owszem doszed\u0142em po tych kamiennych schodach pod krzy\u017c. Zobaczy\u0142em kwiaty, \u0142aweczki. Spotyka\u0142em tam te\u017c i J\u00f3zefa, kt\u00f3ry najbardziej dba\u0142 o to miejsce. Bywa\u0142 te\u017c tam i W\u0142adys\u0142aw Zieli\u0144ski \u2013 szwagier J\u00f3zefa. Niekiedy podchodzi\u0142em na to wzg\u00f3rze z drugiej strony, przez tarnin\u0119. Wzg\u00f3rze, podobnie jak obecnie mia\u0142o dwa tarasy. Wy\u017cszy, na kt\u00f3rym nie by\u0142o krzak\u00f3w poza tarnin\u0105 na jej skraju, oraz ni\u017cszy z wykrotami po wyrobisku. Ale troch\u0119 ju\u017c wyr\u00f3wnane, bo ch\u0142opcy grali tam niekiedy w pi\u0142k\u0119. W\u0142a\u015bciciele zasadzili tam \u015bwierki, ale pewnego razu sucha trawa zosta\u0142a podpalona, a z traw\u0105 spali\u0142y si\u0119 r\u00f3wnie\u017c zasadzone \u015bwierki czy jod\u0142y. Zasadzono modrzewie, ale wiele z nich zosta\u0142o zniszczonych przez graj\u0105cych tam ch\u0142opc\u00f3w. Oczywi\u015bcie, dochodzi\u0142o tam niekiedy do r\u00f3\u017cnych scen, nie zawsze spokojnych.<\/p>\n\n\n\n<p>Tak w czasie kol\u0119dy, jak i przy spotkaniach, tak W\u0142adys\u0142aw Zieli\u0144ski, jak i J\u00f3zef Brach oraz ich \u017cony wspominali, \u017ce ich rodzice bardzo pragn\u0119li, by na tym wzg\u00f3rzu stan\u0119\u0142a jaka\u015b niewielka nawet kapliczka. Poczytywali to nawet za testament, kt\u00f3ry musz\u0105 jako\u015b spe\u0142ni\u0107. Ale ani warunki materialne, ani te\u017c tym bardziej panuj\u0105cy system polityczny (w\u0142adza ludowa), gdzie uzyskanie zezwolenia na budow\u0119 kapliczki by\u0142a niemo\u017cliwe, nie pozwala\u0142y na spe\u0142nienie ich wielkich pragnie\u0144. Obiecywa\u0142em, \u017ce, gdy si\u0119 uporamy z budow\u0105 ko\u015bcio\u0142a, w\u00f3wczas pomy\u015blimy i o kaplicy na tym wzg\u00f3rzu.<\/p>\n\n\n\n<p>W 1994 roku we Wielki Czwartek mieli\u015bmy wyruszy\u0107 na drog\u0119 krzy\u017cow\u0105 w terenie. Ksi\u0105dz Jan Krynicki proponowa\u0142 ulice miasta. Ja nie chcia\u0142em wychodzi\u0107 na ulice, by nie budzi\u0107 niezdrowej sensacji z powodu drogi krzy\u017cowej tam odprawianej. By\u0142a ona bowiem w\u00f3wczas jeszcze rzadko\u015bci\u0105 w naszej Ojczy\u017anie po latach komunistycznego zniewolenia. A przecie\u017c taka by\u0142a prawdziwa Droga Krzy\u017cowa Pana Jezusa i taka jest i\u2026. nasza. Ale nasza to co innego, bo na skraju miasta.<\/p>\n\n\n\n<p>W\u00f3wczas ulica ta (Krakowska) by\u0142a wyasfaltowana tylko do pana J\u00f3zefa G\u00f3rskiego (skrzy\u017cowanie z drog\u0105 wiod\u0105c\u0105 na Tabor\u00f3wk\u0119). Dalej droga (w\u00f3wczas ju\u017c ul. Zamkowa, jak obecnie) by\u0142a bardzo wyboista, do tego cz\u0119\u015bciowo oberwana. Od wymienionej krzy\u017c\u00f3wki nie by\u0142a jeszcze wyasfaltowana. Ruch tam by\u0142 ma\u0142y, gdy\u017c ci\u0119\u017cko by\u0142o przejecha\u0107, a i samochod\u00f3w mieszka\u0144cy wsi mieli znacznie mniej, ni\u017c robotnicy w mie\u015bcie. Ja podda\u0142em jako tras\u0119 drogi w\u0142a\u015bnie to wzg\u00f3rze. Nie\u015bmia\u0142o u\u017cy\u0142em nazwy \u201eGorlicka Golgota\u201d. Chwyci\u0142a z miejsca. Jeszcze bardziej zastanawiaj\u0105ce by\u0142o dla mnie, gdy pani Bronis\u0142awa Betlej, kt\u00f3ra dowiedziawszy si\u0119 o budowie naszego ko\u015bcio\u0142a jako Wotum Wdzi\u0119czno\u015bci Bogu za Papie\u017ca Jana Paw\u0142a II, przyjecha\u0142a do Gorlic i popatrzy\u0142a z okna mojego mieszkania na to wzg\u00f3rze i nic nie wiedz\u0105c o moim zamy\u015ble, zakrzykn\u0119\u0142a: \u201eJaka pi\u0119kna Golgota!\u201d. Zdziwiony pytam sk\u0105d ona wie, \u017ce to Golgota. Tak mi si\u0119 kojarzy \u2013 odpowiedzia\u0142a. Czy\u017cby telepatia? Bo i mnie to wzg\u00f3rze tak si\u0119 jako\u015b kojarzy\u0142o.<\/p>\n\n\n\n<p>Jednym z przewodnik\u00f3w turystycznych w Gorlicach by\u0142 pan Adam Turowicz, krewny redaktora Tygodnika Powszechnego. Poprosi\u0142em go, by mi co\u015b napisa\u0142 na temat tego wzg\u00f3rza. Przyni\u00f3s\u0142 mi 2 strony maszynopisu (komu\u015b po\u017cyczy\u0142em i do mnie notatki nie wr\u00f3ci\u0142y. Dobry zwyczaj, nie po\u017cyczaj\u2026\u201d), w kt\u00f3rym przytoczy\u0142 legend\u0119 znan\u0105 tutaj do\u015b\u0107 powszechnie, \u017ce na tym wzg\u00f3rzu sta\u0142 ko\u015bci\u00f3\u0142ek \u015bw. Ma\u0142gorzaty, kt\u00f3ry si\u0119 zapad\u0142 oraz, \u017ce starsi mieszka\u0144cy opowiadali, \u017ce z tego wzg\u00f3rza ich ojciec wozi\u0142 kamienie na odbudow\u0119 Gorlic. Kamienie by\u0142y jakby brane z muru, bo by\u0142y na nich \u015blady wapna\u2026. A jeden z s\u0105siad\u00f3w tamtejszych m\u00f3wi\u0142, \u017ce stamt\u0105d brano piasek. Gdy pewnego razu gospodarz nakopa\u0142 sobie piasku na pe\u0142n\u0105 furmank\u0119 (nie by\u0142o oczywi\u015bcie w\u00f3wczas samochod\u00f3w \u2013 co za zacofanie!), poszed\u0142 do domu na obiad. A gdy wr\u00f3ci\u0142, piasku ju\u017c nie by\u0142o. Na jego miejscu by\u0142a dziura, w kt\u00f3rej \u00f3w piasek znik\u0142\u2026. Mo\u017ce piasek znik\u0142, ale nie w dziurze, ale zabrany przez kogo\u015b sprytniejszego \u2026. A mo\u017ce to tylko \u017cart?&#8230;. Z ca\u0142\u0105 pewno\u015bci\u0105 mog\u0119 stwierdzi\u0107, \u017ce w czasie ca\u0142ych prac na Golgocie nie napotka\u0142em na \u017caden \u015blad mur\u00f3w czy nawet jakiego\u015b gruzu \u015bwiadcz\u0105cego, \u017ce pochodzi on z mur\u00f3w. Natomiast mog\u0119 stwierdzi\u0107, \u017ce kamie\u0144, kt\u00f3ry by\u0142 na powierzchni nie nadawa\u0142 si\u0119 jako dobry materia\u0142 na budow\u0119 \u2013 tym bardziej kamieniark\u0119 i obr\u00f3bk\u0119, bo jest zbyt s\u0142aby, a do tego mocno pop\u0119kany i zwietrza\u0142y. M\u00f3g\u0142 dawniej s\u0142u\u017cy\u0107 na bardzo kiepski mur, a miejscami jako piasek, gdy\u017c zwietrza\u0142y nie potrzebowa\u0142 wiele wapna, maj\u0105c wiele gliny. Przyzna\u0107 jednak trzeba, \u017ce w szczelinach pop\u0119kanej bardzo ska\u0142y by\u0142y ju\u017c nie tylko \u015blady wapna, ale niekiedy znaczne \u017cy\u0142y ( do 1 cm grubo\u015bci). Mo\u017cna te\u017c spotka\u0107 nacieki skalne przezroczyste w formie kryszta\u0142\u00f3w. Gdyby to by\u0142o w jaskini, jak\u017ce pi\u0119kne by\u0142yby to stalaktyty\u2026. Wed\u0142ug wspomnie\u0144 niekt\u00f3rych pod kamieniami ma by\u0107\u2026. pustka, a gdy si\u0119 przy\u0142o\u017cy ucho do ziemi, mo\u017cna us\u0142ysze\u0107 g\u0142os dzwonu\u2026. (ale musi to by\u0107 chyba takie ucho, kt\u00f3re wsz\u0119dzie taki glos us\u0142yszy!)<\/p>\n","protected":false},"excerpt":{"rendered":"<p>W marcu 1973 &#8211; postawiono tu krzy\u017c na pami\u0105tk\u0119 zako\u0144czenie Peregrynacji Kopii Obrazu Jasnog\u00f3rskiego w Symbolach Pustych Ram i \u015awiecy z diecezji tarnowskiej do przemyskiej&hellip; <\/p>\n","protected":false},"author":1,"featured_media":0,"parent":0,"menu_order":0,"comment_status":"closed","ping_status":"closed","template":"","meta":{"footnotes":""},"class_list":["post-122","page","type-page","status-publish","hentry"],"_links":{"self":[{"href":"https:\/\/bg.ostnet.pl\/index.php\/wp-json\/wp\/v2\/pages\/122","targetHints":{"allow":["GET"]}}],"collection":[{"href":"https:\/\/bg.ostnet.pl\/index.php\/wp-json\/wp\/v2\/pages"}],"about":[{"href":"https:\/\/bg.ostnet.pl\/index.php\/wp-json\/wp\/v2\/types\/page"}],"author":[{"embeddable":true,"href":"https:\/\/bg.ostnet.pl\/index.php\/wp-json\/wp\/v2\/users\/1"}],"replies":[{"embeddable":true,"href":"https:\/\/bg.ostnet.pl\/index.php\/wp-json\/wp\/v2\/comments?post=122"}],"version-history":[{"count":2,"href":"https:\/\/bg.ostnet.pl\/index.php\/wp-json\/wp\/v2\/pages\/122\/revisions"}],"predecessor-version":[{"id":384,"href":"https:\/\/bg.ostnet.pl\/index.php\/wp-json\/wp\/v2\/pages\/122\/revisions\/384"}],"wp:attachment":[{"href":"https:\/\/bg.ostnet.pl\/index.php\/wp-json\/wp\/v2\/media?parent=122"}],"curies":[{"name":"wp","href":"https:\/\/api.w.org\/{rel}","templated":true}]}}