{"id":118,"date":"2021-02-08T23:47:11","date_gmt":"2021-02-08T22:47:11","guid":{"rendered":"https:\/\/bg.ostnet.pl\/?page_id=118"},"modified":"2021-02-10T21:56:41","modified_gmt":"2021-02-10T20:56:41","slug":"kancelaria","status":"publish","type":"page","link":"https:\/\/bg.ostnet.pl\/index.php\/kancelaria\/","title":{"rendered":"Kancelaria"},"content":{"rendered":"\n<p>Czynna we wtorek, \u015brod\u0119 i pi\u0105tek:<\/p>\n\n\n\n<p><strong>Wrzesie\u0144 &#8211; Czerwiec:<\/strong><\/p>\n\n\n\n<p>16:00-17:00<\/p>\n\n\n\n<p><strong>Lipiec &#8211; Sierpie\u0144:<\/strong><\/p>\n\n\n\n<p>19:30-20:00<\/p>\n\n\n\n<p>W niedziele, \u015bwi\u0119ta oraz I pi\u0105tki miesi\u0105ca kancelaria nieczynna.<\/p>\n\n\n\n<p><br><strong>INFORMACJE:<\/strong><br>R\u00f3\u017cne za\u015bwiadczenia wydawane s\u0105 w godzinach dy\u017curu kancelaryjnego. Zainteresowany mo\u017ce uzyska\u0107 dokumenty potrzebnych do Sakrament\u00f3w \u015awi\u0119tych i katolickiego pogrzebu.<\/p>\n\n\n\n<p><strong>Zapowiedzi przedma\u0142\u017ce\u0144skie<\/strong> za\u0142atwiane s\u0105 po wcze\u015bniejszym uzgodnieniu dogodnego terminu.<\/p>\n\n\n\n<p><strong>Intencje mszalne<\/strong> przyjmowane s\u0105 w kancelarii parafialnej w godzinach urz\u0119dowania i w zakrystii po ka\u017cdej Mszy \u015bwi\u0119tej.<\/p>\n\n\n\n<p><strong>Pogrzeb katolicki<\/strong><br>Jego celebracja nale\u017cy si\u0119 wszystkim wierz\u0105cym, kt\u00f3rzy uczestnicz\u0105 w \u017cyciu Ko\u015bcio\u0142a i parafii. Wymagany jest: akt zgonu, za\u015bwiadczenie o udzieleniu sakramentu chorych i wiatyku (Komunii \u015bw.) je\u015bli zgon nast\u0105pi\u0142 poza parafi\u0105 lub w szpitalu (wystawia je kapelan szpitala). Zg\u0142aszanie pogrzeb\u00f3w mo\u017cna dokonywa\u0107 tak\u017ce poza godzinami urz\u0119dowania.<\/p>\n","protected":false},"excerpt":{"rendered":"<p>Czynna we wtorek, \u015brod\u0119 i pi\u0105tek: Wrzesie\u0144 &#8211; Czerwiec: 16:00-17:00 Lipiec &#8211; Sierpie\u0144: 19:30-20:00 W niedziele, \u015bwi\u0119ta oraz I pi\u0105tki miesi\u0105ca kancelaria nieczynna. INFORMACJE:R\u00f3\u017cne za\u015bwiadczenia&hellip; <\/p>\n","protected":false},"author":1,"featured_media":0,"parent":0,"menu_order":0,"comment_status":"closed","ping_status":"closed","template":"","meta":{"footnotes":""},"class_list":["post-118","page","type-page","status-publish","hentry"],"_links":{"self":[{"href":"https:\/\/bg.ostnet.pl\/index.php\/wp-json\/wp\/v2\/pages\/118","targetHints":{"allow":["GET"]}}],"collection":[{"href":"https:\/\/bg.ostnet.pl\/index.php\/wp-json\/wp\/v2\/pages"}],"about":[{"href":"https:\/\/bg.ostnet.pl\/index.php\/wp-json\/wp\/v2\/types\/page"}],"author":[{"embeddable":true,"href":"https:\/\/bg.ostnet.pl\/index.php\/wp-json\/wp\/v2\/users\/1"}],"replies":[{"embeddable":true,"href":"https:\/\/bg.ostnet.pl\/index.php\/wp-json\/wp\/v2\/comments?post=118"}],"version-history":[{"count":5,"href":"https:\/\/bg.ostnet.pl\/index.php\/wp-json\/wp\/v2\/pages\/118\/revisions"}],"predecessor-version":[{"id":377,"href":"https:\/\/bg.ostnet.pl\/index.php\/wp-json\/wp\/v2\/pages\/118\/revisions\/377"}],"wp:attachment":[{"href":"https:\/\/bg.ostnet.pl\/index.php\/wp-json\/wp\/v2\/media?parent=118"}],"curies":[{"name":"wp","href":"https:\/\/api.w.org\/{rel}","templated":true}]}}