{"id":104,"date":"2021-02-08T23:08:58","date_gmt":"2021-02-08T22:08:58","guid":{"rendered":"https:\/\/bg.ostnet.pl\/?page_id=104"},"modified":"2021-02-08T23:08:58","modified_gmt":"2021-02-08T22:08:58","slug":"historia-parafii","status":"publish","type":"page","link":"https:\/\/bg.ostnet.pl\/index.php\/historia-parafii\/","title":{"rendered":"Historia parafii"},"content":{"rendered":"\n<h4 class=\"wp-block-heading\">Szkic dziej\u00f3w Parafii<\/h4>\n\n\n\n<p>W dniu 14.06.1983 r. Ks. Biskup Ordynariusz Jerzy Ablewicz dla organizacji nowej parafii w Gorlicach mianuje wikariuszem eksponowanym ks. Andrzeja Much\u0119. W tym dniu zapada decyzja, \u017ce patronem parafii b\u0119dzie \u015bw. Andrzej Bobola.<\/p>\n\n\n\n<p>\u015aw. Andrzej Bobola m\u00f3g\u0142 si\u0119 narodzi\u0107 na gorlickiej ziemi. Do dnia dzisiejszego nie jest znane dok\u0142adnie miejsce urodzin \u015bw. Andrzeja Boboli. On sam wspomina, ze jest Ma\u0142opolaninem. Dzi\u015b dzi\u0119ki staraniom Ks. proboszcza ze Strachociny k\/Sanoka przyjmuje si\u0119, \u017ce \u015bw. Andrzej Bobola &#8222;Ma\u0142opolanin&#8221; urodzi\u0142 si\u0119 w\u0142a\u015bnie w tamtej miejscowo\u015bci. Ale dowody na to nie s\u0105 wystarczaj\u0105ce. R\u00f3wne, a nawet wi\u0119ksze prawo do przypisywania sobie te go przywileju ma ziemia gorlicka, a nie sandomierska. A to dlatego, \u017ce w XVI wieku na gorlickiej ziemi w pobliskiej Kobylance \u017cy\u0142 znany r\u00f3d Wielopolskich. Jeden z nich by\u0142 nawet kanclerzem wielkim koronnym. A w\u0142a\u015bnie babcia p\u00f3\u017aniejszego \u015bwi\u0119tego pochodzi\u0142a z Wielopolskich. Ponadto w okolicach Gorlic \u017cyli Bobolowie &#8211; szlachta \u015brednio-zamo\u017cna. Mieli swe posiad\u0142o\u015bci w Libuszy, dzier\u017cawili te\u017c s\u0105siednie so\u0142ectwa m.in. w Rzepienniku. Do dnia dzisiejszego wielu ludzi o tym nazwisku mo\u017cna spotka\u0107 tak w Gorlicach, jak i w okolicznych wioskach. A wi\u0119c nie mniejsze prawo do \u015bw. Andrzeja Boboli maj\u0105 Gorlice ni\u017c Strachocin. Tu \u017cyli jego przodkowie, tu powinien w jaki\u015b spos\u00f3b powr\u00f3ci\u0107\u2026.<\/p>\n\n\n\n<p>\u015aw. Andrzej Bobola pracowa\u0142 ca\u0142e \u017cycie w\u015br\u00f3d chrze\u015bcijan nale\u017c\u0105cych do r\u00f3\u017cnych wyzna\u0144 chrze\u015bcija\u0144skich i r\u00f3\u017cnych obrz\u0105dk\u00f3w. Sam pad\u0142 ofiar\u0105 wielkiej nienawi\u015bci religijnej, kt\u00f3ra jest najstraszniejsz\u0105 ze wszystkich. Na tym terenie jest jeszcze du\u017ca liczba wiernych Ko\u015bcio\u0142a Prawos\u0142awnego, Katolickiego obrz\u0105dku Rzym-kat oraz Bizantyjsko-Ukrai\u0144skiego. Ich cerkiewki znajduj\u0105 si\u0119 w wi\u0119kszo\u015bci wiosek tego powiatu. Wypada\u0142o, by w tych terenach patronem zosta\u0142 \u015awi\u0119ty, kt\u00f3ry w takich warunkach si\u0119 urodzi\u0142, dzia\u0142a\u0142 i poni\u00f3s\u0142 \u015bmier\u0107 m\u0119cze\u0144sk\u0105.<\/p>\n\n\n\n<p>W dniu 1.08.1983 r. biskup tarnowski ks. dr Jerzy Ablewicz erygowa\u0142 Parafi\u0119 \u015bw. Andrzeja Boboli. Pierwszym jej proboszczem zosta\u0142 mianowany ks. Andrzej Mucha.<\/p>\n\n\n\n<h4 class=\"wp-block-heading\">Starania o budow\u0119 ko\u015bcio\u0142a<\/h4>\n\n\n\n<p>Dzia\u0142k\u0119 o powierzchni 42 a. pod budow\u0119 kaplicy podarowa\u0142 Pan Aleksander Moskal. 14 wrze\u015bnia 1983 r. (w uroczysto\u015b\u0107 Podwy\u017cszenia \u015aw. Krzy\u017ca) przej\u0119t\u0105 dzia\u0142k\u0119 uroczy\u015bcie po\u015bwi\u0119ci\u0142 ordynariusz tarnowski bp dr Jerzy Ablewicz.<\/p>\n\n\n\n<p>Prace ziemne pod budow\u0119 kaplicy rozpocz\u0119to 22. 04. 1984 r. Elementy stalowe konstrukcji wykonano zim\u0105. Prace budowlane zako\u0144czono w przeci\u0105gu 4 miesi\u0119cy. Kaplica ta mia\u0142a 15,5 m szeroko\u015bci i 28,5 m d\u0142ugo\u015bci.<\/p>\n\n\n\n<p>26.08.1984 r. w uroczysto\u015b\u0107 MB Cz\u0119stochowskiej ks. Bp Ordynariusz Jerzy Ablewicz dokona\u0142 jej po\u015bwi\u0119cenia. Kaplica ta przez lat 14 \u015bwietnie spe\u0142nia\u0142a rol\u0119 ko\u015bcio\u0142a.<\/p>\n\n\n\n<p>20.05.1985 r. po wcze\u015bniejszym przygotowaniu przyst\u0105piono do budowy plebani wg plan\u00f3w in\u017c. Klimka z Krakowa. W jesieni plebania by\u0142a przykryta. Ju\u017c w maju 1986 r. zamieszkali na niej ksi\u0119\u017ca prowadz\u0105cy tutaj pierwsze misje.<\/p>\n\n\n\n<h4 class=\"wp-block-heading\">Wa\u017cniejsze wydarzenia z \u017cycia Parafii<\/h4>\n\n\n\n<p>Pierwsze misje w Parafii odby\u0142y si\u0119 w dniach: 10 &#8211; 18. maja 1986r. Przygotowa\u0142y one Parafi\u0119 na sprowadzenie relikwii \u015bw. Andrzeja Boboli. Prowadzi\u0142 je O. Stanis\u0142aw Biedrowski ze Zgromadzenia OO. Redemptoryst\u00f3w.<\/p>\n\n\n\n<p>W r. 1992 w dniu 25 marca Parafia ta znalaz\u0142a si\u0119 w granicach diecezji\u2026 rzeszowskiej<\/p>\n\n\n\n<p>W grudniu 1995 r. w dniach 21 i 22 go\u015bci\u0142a w Parafii w\u0119druj\u0105ca w tym czasie po Polsce Figura MB Fatimskiej. Przyj\u0119ta by\u0142a w niewyko\u0144czonym jeszcze nowym ko\u015bciele. W tym\u017ce nowym ko\u015bciele zosta\u0142a Jej kopia, ale nie ze z\u0142o\u017conymi, lecz otwartymi.<\/p>\n\n\n\n<h4 class=\"wp-block-heading\">Historia budowy<\/h4>\n\n\n\n<p>W marcu 1989 r. dyrektor Wojew\u00f3dzkiego Wydzia\u0142u d\/s Wyzna\u0144 w Nowym S\u0105czu wyrazi\u0142 zgod\u0119 na jego budow\u0119. By\u0142o to chyba ostatnie tego rodzaju wymagane zezwolenie ze strony rozwi\u0105zanego wkr\u00f3tce os\u0142awionego Wydzia\u0142u d\/s Wyzna\u0144.<\/p>\n\n\n\n<p>Kamie\u0144 w\u0119gielny pod ko\u015bci\u00f3\u0142 \u015bw. Andrzeja Boboli w Gorlicach zosta\u0142 po\u015bwi\u0119cony na B\u0142oniach Krakowskich w dniu 22. 06. 1983 r. w czasie drugiej pielgrzymki Ojca \u015awi\u0119tego Jana Paw\u0142a II do Ojczyzny. Na wmurowanie kamie\u0144 ten czeka\u0142 do roku 1991.<\/p>\n\n\n\n<p>W listopadzie 1989 r. rozpocz\u0119to wykopy pod ko\u015bci\u00f3\u0142. Ziemi\u0119 bra\u0142 Urz\u0105d Miejski na budow\u0119 wa\u0142\u00f3w nad rzek\u0105 Rop\u0105. W sumie wywieziono ok. 12 tys. m3.<\/p>\n\n\n\n<p>Prace budowlane prowadzi\u0142 zas\u0142u\u017cony miejscowy mistrz budowlany W\u0142adys\u0142aw Kotlinowski.<\/p>\n\n\n\n<p>Przez pierwsze cztery lata budow\u0119 prowadzono czynem spo\u0142ecznym. P\u00f3\u017aniej zaanga\u017cowano kilku sta\u0142ych pracownik\u00f3w. W latach 1994-96 przy budowie pracowa\u0142y grupy os\u00f3b bezrobotnych skierowanych przez Urz\u0105d Miasta. R\u00f3wnie\u017c ca\u0142a konstrukcja stalowa dachu i wie\u017cy zosta\u0142a wykonana w czynie spo\u0142ecznym przez miejscowych specjalist\u00f3w.<\/p>\n\n\n\n<h4 class=\"wp-block-heading\">A oto wa\u017cniejsze prace wykonane w poszczeg\u00f3lnych latach:<\/h4>\n\n\n\n<p>W r. 1990 wykonano i zastropiono przyziemia naw bocznych oraz cz\u0119\u015bci przy prezbiterium.<br>W r. 1991 doko\u0144czono prac przy przyziemiach w obr\u0119bie wie\u017cy i rozpocz\u0119to wznoszenie mur\u00f3w przy zakrystii oraz przy wej\u015bciu g\u0142\u00f3wnym. 15.09. 1991 r. ks. bp J\u00f3zef \u017byci\u0144ski, ordynariusz tarnowski dokona\u0142 wmurowania kamienia w\u0119gielnego po\u015bwi\u0119conego przez Papie\u017ca Jana Paw\u0142a II na B\u0142oniach Krakowskich w dniu 22.06.1983 r.<br>W r. 1992 po obu stronach wie\u017cy i nad zakrysti\u0105 doko\u0144czono murowania trzykondygnacyjnych sal oraz nakryto je prowizorycznym dachem.<br>W r. 1993 wykonano ch\u00f3r i wie\u017c\u0119 do wysoko\u015bci 40 m.<br>W r. 1994 zabetonowano arkady na wie\u017cy, wyci\u0105gni\u0119to mury naw bocznych i zako\u0144czono gzymsami. Wykonano i zamontowano konstrukcj\u0119 stalow\u0105 dachu, za\u0142o\u017cono d\u017awigiem pokryt\u0105 blach\u0105 miedzian\u0105 kopu\u0142\u0119 wie\u017cy, oraz cz\u0119\u015bciowo przykryto obiekt ondulinem.<br>W r. 1995 doko\u0144czono prac przy konstrukcji dachu i przykryto przewa\u017caj\u0105c\u0105 cz\u0119\u015b\u0107 ko\u015bcio\u0142a, wykonano du\u017c\u0105 cz\u0119\u015b\u0107 kamiennej elewacji (na froncie ko\u015bcio\u0142a, wie\u017cy oraz \u015bcian prezbiterium, kaplicy i zakrystii) oraz zaszklono okna.<br>Od stycznia 1996 r. rozpocz\u0119\u0142y si\u0119 prace przy stropie. Jest to kasetonowy strop podwieszony do stalowej konstrukcji dachu. O\u015bmioboczne pi\u0119kne kasetony maj\u0105 wielko\u015b\u0107 25 m kwadratowych ka\u017cdy. Nawa g\u0142\u00f3wna ma wysoko\u015b\u0107 16 m, za\u015b nawy boczne 10.<br>Rok 1996 to prace przy adaptacji przestrzeni strychowych, konstrukcji stropu oraz prace tynkarskie.<br>Rok 1997 to instalacja grzewcza, podziemny zbiornik na trociny, kt\u00f3rymi ogrzewany jest ko\u015bci\u00f3\u0142 z towarzysz\u0105cymi pomieszczeniami oraz plebani\u0105, malowanie stropu g\u0142\u00f3wnego i cz\u0119\u015bciowo \u015bcian nawy g\u0142\u00f3wnej, cz\u0119\u015bciowa niwelacja terenu, prace przy poszerzeniu wielkich schod\u00f3w.<br>W lipcu 1997 r. przywieziono z bawarskiej Parafii w Kemnath 22 g\u0142osowe organy piszcza\u0142kowe. W tamtej Parafii s\u0142u\u017cy\u0142y przez lat 42. Trakcja organ\u00f3w pneumatyczna. Montowa\u0142 je na miejscu Kazimierz Plewa, organista z bazyliki \u015aw. Ma\u0142gorzaty w Nowym S\u0105czu.<br>Rok 1998 to prace przy posadzkach i malowanie ko\u015bcio\u0142a oraz instalacji grzewczej, wodnej i gazowej. Dla cel\u00f3w grzewczych ko\u015bcio\u0142a i pod\u0142\u0105czonej plebanii u\u017cywa si\u0119\u2026. trocin. Jest to tzw. dwustopniowo ich spalanie. Pierwszy etap to zgazowanie, a drugi spalanie.<br>Prywatnie, bez po\u015bwi\u0119cenia weszli\u015bmy do nowego ko\u015bcio\u0142a ju\u017c w dniu 3 maja 1998 r., by w ciszy, bez zewn\u0119trznego przepychu i zgie\u0142ku podzi\u0119kowa\u0107 Panu Bogu za wielki dar ko\u015bcio\u0142a oraz Jemu go odda\u0107 na zupe\u0142n\u0105 w\u0142asno\u015b\u0107.<\/p>\n\n\n\n<p>Uroczystego po\u015bwi\u0119cenia ko\u015bcio\u0142a w obecno\u015bci ponad stu kap\u0142an\u00f3w i kilkutysi\u0119cznej rzeszy wiernych dokona\u0142 w dniu 11 pa\u017adziernika 1998 r. Ordynariusz diecezji Rzeszowskiej J. E. Ks. Biskup Kazimierz G\u00f3rny. Na uroczysto\u015bciach by\u0142a r\u00f3wnie\u017c delegacja z Kemnath Stadt z Bawarii, z Parafii kt\u00f3ra podarowa\u0142a organy. Przewodzi\u0142 jej tamtejszy Proboszcz Ks. Helmut Kriechenbauer.<\/p>\n","protected":false},"excerpt":{"rendered":"<p>Szkic dziej\u00f3w Parafii W dniu 14.06.1983 r. Ks. Biskup Ordynariusz Jerzy Ablewicz dla organizacji nowej parafii w Gorlicach mianuje wikariuszem eksponowanym ks. Andrzeja Much\u0119. W&hellip; <\/p>\n","protected":false},"author":1,"featured_media":0,"parent":0,"menu_order":0,"comment_status":"closed","ping_status":"closed","template":"","meta":{"footnotes":""},"class_list":["post-104","page","type-page","status-publish","hentry"],"_links":{"self":[{"href":"https:\/\/bg.ostnet.pl\/index.php\/wp-json\/wp\/v2\/pages\/104","targetHints":{"allow":["GET"]}}],"collection":[{"href":"https:\/\/bg.ostnet.pl\/index.php\/wp-json\/wp\/v2\/pages"}],"about":[{"href":"https:\/\/bg.ostnet.pl\/index.php\/wp-json\/wp\/v2\/types\/page"}],"author":[{"embeddable":true,"href":"https:\/\/bg.ostnet.pl\/index.php\/wp-json\/wp\/v2\/users\/1"}],"replies":[{"embeddable":true,"href":"https:\/\/bg.ostnet.pl\/index.php\/wp-json\/wp\/v2\/comments?post=104"}],"version-history":[{"count":1,"href":"https:\/\/bg.ostnet.pl\/index.php\/wp-json\/wp\/v2\/pages\/104\/revisions"}],"predecessor-version":[{"id":105,"href":"https:\/\/bg.ostnet.pl\/index.php\/wp-json\/wp\/v2\/pages\/104\/revisions\/105"}],"wp:attachment":[{"href":"https:\/\/bg.ostnet.pl\/index.php\/wp-json\/wp\/v2\/media?parent=104"}],"curies":[{"name":"wp","href":"https:\/\/api.w.org\/{rel}","templated":true}]}}