{"id":101,"date":"2021-02-03T11:02:51","date_gmt":"2021-02-03T10:02:51","guid":{"rendered":"https:\/\/bg.ostnet.pl\/?page_id=101"},"modified":"2021-02-03T11:02:51","modified_gmt":"2021-02-03T10:02:51","slug":"transmisja-mszy","status":"publish","type":"page","link":"https:\/\/bg.ostnet.pl\/index.php\/transmisja-mszy\/","title":{"rendered":"Transmisja mszy"},"content":{"rendered":"\n<h2 class=\"wp-block-heading\">Transmisja na \u017cywo<\/h2>\n\n\n\n<p>Link do ogl\u0105dania na \u017cywo transmisji nabo\u017ce\u0144stw w naszym ko\u015bciele\u00a0<\/p>\n\n\n\n<p><a href=\"https:\/\/www.ap-media.pl\/player\/?uri=a29zY2lvbF9nb3JsaWNlX2JvYm9sYQ==\">https:\/\/www.ap-media.pl\/player\/?uri=a29zY2lvbF9nb3JsaWNlX2JvYm9sYQ==<\/a><\/p>\n\n\n\n<p><\/p>\n\n\n\n<p>Dodatkowo wszystkie transmisje s\u0105 w telewizji AP-Media na kana\u0142ach 400 do 406.<\/p>\n\n\n\n<p><a href=\"https:\/\/www.ap-media.pl\/player\/\">https:\/\/www.ap-media.pl\/player\/<\/a><\/p>\n","protected":false},"excerpt":{"rendered":"<p>Transmisja na \u017cywo Link do ogl\u0105dania na \u017cywo transmisji nabo\u017ce\u0144stw w naszym ko\u015bciele\u00a0 https:\/\/www.ap-media.pl\/player\/?uri=a29zY2lvbF9nb3JsaWNlX2JvYm9sYQ== Dodatkowo wszystkie transmisje s\u0105 w telewizji AP-Media na kana\u0142ach 400 do&hellip; <\/p>\n","protected":false},"author":1,"featured_media":0,"parent":0,"menu_order":0,"comment_status":"closed","ping_status":"closed","template":"","meta":{"footnotes":""},"class_list":["post-101","page","type-page","status-publish","hentry"],"_links":{"self":[{"href":"https:\/\/bg.ostnet.pl\/index.php\/wp-json\/wp\/v2\/pages\/101","targetHints":{"allow":["GET"]}}],"collection":[{"href":"https:\/\/bg.ostnet.pl\/index.php\/wp-json\/wp\/v2\/pages"}],"about":[{"href":"https:\/\/bg.ostnet.pl\/index.php\/wp-json\/wp\/v2\/types\/page"}],"author":[{"embeddable":true,"href":"https:\/\/bg.ostnet.pl\/index.php\/wp-json\/wp\/v2\/users\/1"}],"replies":[{"embeddable":true,"href":"https:\/\/bg.ostnet.pl\/index.php\/wp-json\/wp\/v2\/comments?post=101"}],"version-history":[{"count":1,"href":"https:\/\/bg.ostnet.pl\/index.php\/wp-json\/wp\/v2\/pages\/101\/revisions"}],"predecessor-version":[{"id":102,"href":"https:\/\/bg.ostnet.pl\/index.php\/wp-json\/wp\/v2\/pages\/101\/revisions\/102"}],"wp:attachment":[{"href":"https:\/\/bg.ostnet.pl\/index.php\/wp-json\/wp\/v2\/media?parent=101"}],"curies":[{"name":"wp","href":"https:\/\/api.w.org\/{rel}","templated":true}]}}